{"id":168,"date":"2024-03-20T15:58:18","date_gmt":"2024-03-20T15:58:18","guid":{"rendered":"https:\/\/orsorg.wpenginepowered.com\/?page_id=168"},"modified":"2024-05-08T16:04:04","modified_gmt":"2024-05-08T16:04:04","slug":"unite-oregon","status":"publish","type":"page","link":"https:\/\/oregonresilience.org\/es\/unite-oregon\/","title":{"rendered":"Unite Oregon"},"content":{"rendered":"<div data-elementor-type=\"wp-page\" data-elementor-id=\"168\" class=\"elementor elementor-168\" data-elementor-post-type=\"page\">\n\t\t\t\t<div class=\"elementor-element elementor-element-0837339 e-flex e-con-boxed e-con e-parent\" data-id=\"0837339\" data-element_type=\"container\" data-e-type=\"container\">\n\t\t\t\t\t<div class=\"e-con-inner\">\n\t\t<div class=\"elementor-element elementor-element-873ca8d e-flex e-con-boxed e-con e-child\" data-id=\"873ca8d\" data-element_type=\"container\" data-e-type=\"container\">\n\t\t\t\t\t<div class=\"e-con-inner\">\n\t\t\t\t<div class=\"elementor-element elementor-element-d2487d0 elementor-widget-tablet__width-inherit elementor-widget elementor-widget-heading\" data-id=\"d2487d0\" data-element_type=\"widget\" data-e-type=\"widget\" data-widget_type=\"heading.default\">\n\t\t\t\t<div class=\"elementor-widget-container\">\n\t\t\t\t\t<h1 class=\"elementor-heading-title elementor-size-default\">Unite Oregon<\/h1>\t\t\t\t<\/div>\n\t\t\t\t<\/div>\n\t\t\t\t<div class=\"elementor-element elementor-element-20168df animated-slow elementor-widget elementor-widget-text-editor\" data-id=\"20168df\" data-element_type=\"widget\" data-e-type=\"widget\" data-settings=\"{&quot;_animation&quot;:&quot;none&quot;,&quot;_animation_delay&quot;:300}\" data-widget_type=\"text-editor.default\">\n\t\t\t\t<div class=\"elementor-widget-container\">\n\t\t\t\t\t\t\t\t\t<p><span style=\"font-weight: 400;\">Unite Oregon, una organizaci\u00f3n de miembros liderada por comunidades de raza negra, ind\u00edgenas, personas de color, inmigrantes, refugiados, comunidades rurales y personas en situaci\u00f3n de pobreza, se dedica a afrontar seis problemas cr\u00edticos que afectan a los habitantes de Oreg\u00f3n. Anclada en el compromiso de amplificar las voces de la comunidad en la toma de decisiones, Unite Oregon se centra en la justicia clim\u00e1tica, abogando contra las desigualdades hist\u00f3ricas y actuales exacerbadas por la crisis clim\u00e1tica. Con la justicia en el sector inmobiliario como otra de sus prioridades, Unite Oregon hace \u00e9nfasis en la importancia de una vivienda segura, sostenible y accesible. El equipo reclama un cambio fundamental en la seguridad comunitaria que se aleje de las medidas represivas y hace \u00e9nfasis en la igualdad educativa, la justicia econ\u00f3mica y la igualdad en la atenci\u00f3n m\u00e9dica, trabajando por un acceso justo, la inclusi\u00f3n ling\u00fc\u00edstica y el apoyo integral a la salud. Con ra\u00edces en la fusi\u00f3n del Center for Intercultural Organizing y Oregon Action, Unite Oregon representa un movimiento intercultural unificado, que implica a sus miembros en todos los aspectos del desarrollo de programas para abordar las causas profundas de la injusticia econ\u00f3mica, pol\u00edtica y social.<\/span><\/p>\t\t\t\t\t\t\t\t<\/div>\n\t\t\t\t<\/div>\n\t\t\t\t<div class=\"elementor-element elementor-element-a33972a elementor-widget elementor-widget-image\" data-id=\"a33972a\" data-element_type=\"widget\" data-e-type=\"widget\" data-widget_type=\"image.default\">\n\t\t\t\t<div class=\"elementor-widget-container\">\n\t\t\t\t\t\t\t\t\t\t\t\t\t\t\t\t<a href=\"https:\/\/www.uniteoregon.org\/\">\n\t\t\t\t\t\t\t<img decoding=\"async\" width=\"134\" height=\"89\" src=\"https:\/\/oregonresilience.org\/wp-content\/uploads\/2024\/05\/Unite_Color.svg\" class=\"attachment-full size-full wp-image-331\" alt=\"\" \/>\t\t\t\t\t\t\t\t<\/a>\n\t\t\t\t\t\t\t\t\t\t\t\t\t\t\t<\/div>\n\t\t\t\t<\/div>\n\t\t\t\t<div class=\"elementor-element elementor-element-2991555 elementor-align-left elementor-mobile-align-center animated-slow elementor-widget elementor-widget-button\" data-id=\"2991555\" data-element_type=\"widget\" data-e-type=\"widget\" data-settings=\"{&quot;_animation&quot;:&quot;none&quot;,&quot;_animation_delay&quot;:600}\" data-widget_type=\"button.default\">\n\t\t\t\t<div class=\"elementor-widget-container\">\n\t\t\t\t\t\t\t\t\t<div class=\"elementor-button-wrapper\">\n\t\t\t\t\t<a class=\"elementor-button elementor-button-link elementor-size-sm elementor-animation-grow\" href=\"https:\/\/www.uniteoregon.org\/\">\n\t\t\t\t\t\t<span class=\"elementor-button-content-wrapper\">\n\t\t\t\t\t\t\t\t\t<span class=\"elementor-button-text\">M\u00e1s informaci\u00f3n sobre Unite Oregon<\/span>\n\t\t\t\t\t<\/span>\n\t\t\t\t\t<\/a>\n\t\t\t\t<\/div>\n\t\t\t\t\t\t\t\t<\/div>\n\t\t\t\t<\/div>\n\t\t\t\t\t<\/div>\n\t\t\t\t<\/div>\n\t\t\t\t<div class=\"elementor-element elementor-element-3a136de elementor-widget elementor-widget-spacer\" data-id=\"3a136de\" data-element_type=\"widget\" data-e-type=\"widget\" data-widget_type=\"spacer.default\">\n\t\t\t\t<div class=\"elementor-widget-container\">\n\t\t\t\t\t\t\t<div class=\"elementor-spacer\">\n\t\t\t<div class=\"elementor-spacer-inner\"><\/div>\n\t\t<\/div>\n\t\t\t\t\t\t<\/div>\n\t\t\t\t<\/div>\n\t\t\t\t\t<\/div>\n\t\t\t\t<\/div>\n\t\t\t\t<\/div>","protected":false},"excerpt":{"rendered":"<p>Unite Oregon Unite Oregon, a membership organization led by Black, Indigenous, People of Color, immigrants, refugees, rural communities, and individuals experiencing poverty, is dedicated to addressing six critical issues impacting Oregonians. Anchored in a commitment to amplify community voices in decision-making, Unite Oregon focuses on Climate Justice, advocating against historic and present-day inequities exacerbated by [&hellip;]<\/p>\n","protected":false},"author":2,"featured_media":0,"parent":0,"menu_order":0,"comment_status":"closed","ping_status":"closed","template":"","meta":{"iawp_total_views":23,"footnotes":""},"class_list":["post-168","page","type-page","status-publish","hentry"],"featured_image_src":null,"featured_image_src_square":null,"_links":{"self":[{"href":"https:\/\/oregonresilience.org\/es\/wp-json\/wp\/v2\/pages\/168","targetHints":{"allow":["GET"]}}],"collection":[{"href":"https:\/\/oregonresilience.org\/es\/wp-json\/wp\/v2\/pages"}],"about":[{"href":"https:\/\/oregonresilience.org\/es\/wp-json\/wp\/v2\/types\/page"}],"author":[{"embeddable":true,"href":"https:\/\/oregonresilience.org\/es\/wp-json\/wp\/v2\/users\/2"}],"replies":[{"embeddable":true,"href":"https:\/\/oregonresilience.org\/es\/wp-json\/wp\/v2\/comments?post=168"}],"version-history":[{"count":0,"href":"https:\/\/oregonresilience.org\/es\/wp-json\/wp\/v2\/pages\/168\/revisions"}],"wp:attachment":[{"href":"https:\/\/oregonresilience.org\/es\/wp-json\/wp\/v2\/media?parent=168"}],"curies":[{"name":"wp","href":"https:\/\/api.w.org\/{rel}","templated":true}]}}