{"id":155,"date":"2024-03-20T15:51:21","date_gmt":"2024-03-20T15:51:21","guid":{"rendered":"https:\/\/orsorg.wpenginepowered.com\/?page_id=155"},"modified":"2024-05-11T14:18:54","modified_gmt":"2024-05-11T14:18:54","slug":"supporters","status":"publish","type":"page","link":"https:\/\/oregonresilience.org\/es\/supporters\/","title":{"rendered":"Colaboradores"},"content":{"rendered":"<div data-elementor-type=\"wp-page\" data-elementor-id=\"155\" class=\"elementor elementor-155\" data-elementor-post-type=\"page\">\n\t\t\t\t<div class=\"elementor-element elementor-element-35907d0 e-flex e-con-boxed e-con e-parent\" data-id=\"35907d0\" data-element_type=\"container\" data-e-type=\"container\">\n\t\t\t\t\t<div class=\"e-con-inner\">\n\t\t<div class=\"elementor-element elementor-element-e29fe55 e-flex e-con-boxed e-con e-child\" data-id=\"e29fe55\" data-element_type=\"container\" data-e-type=\"container\">\n\t\t\t\t\t<div class=\"e-con-inner\">\n\t\t\t\t<div class=\"elementor-element elementor-element-f246e0d elementor-invisible elementor-widget elementor-widget-heading\" data-id=\"f246e0d\" data-element_type=\"widget\" data-e-type=\"widget\" data-settings=\"{&quot;_animation&quot;:&quot;fadeIn&quot;,&quot;_animation_delay&quot;:200}\" data-widget_type=\"heading.default\">\n\t\t\t\t<div class=\"elementor-widget-container\">\n\t\t\t\t\t<h3 class=\"elementor-heading-title elementor-size-default\">Apreciamos a nuestros colaboradores<\/h3>\t\t\t\t<\/div>\n\t\t\t\t<\/div>\n\t\t\t\t<div class=\"elementor-element elementor-element-3f4d905 elementor-invisible elementor-widget elementor-widget-heading\" data-id=\"3f4d905\" data-element_type=\"widget\" data-e-type=\"widget\" data-settings=\"{&quot;_animation&quot;:&quot;fadeIn&quot;,&quot;_animation_delay&quot;:200}\" data-widget_type=\"heading.default\">\n\t\t\t\t<div class=\"elementor-widget-container\">\n\t\t\t\t\t<h2 class=\"elementor-heading-title elementor-size-default\">Nada de esto ser\u00eda posible sin su generosidad<\/h2>\t\t\t\t<\/div>\n\t\t\t\t<\/div>\n\t\t<div class=\"elementor-element elementor-element-d44b11a e-flex e-con-boxed e-con e-child\" data-id=\"d44b11a\" data-element_type=\"container\" data-e-type=\"container\">\n\t\t\t\t\t<div class=\"e-con-inner\">\n\t\t\t\t<div class=\"elementor-element elementor-element-ee4705c elementor-invisible elementor-widget elementor-widget-heading\" data-id=\"ee4705c\" data-element_type=\"widget\" data-e-type=\"widget\" data-settings=\"{&quot;_animation&quot;:&quot;fadeIn&quot;,&quot;_animation_delay&quot;:200}\" data-widget_type=\"heading.default\">\n\t\t\t\t<div class=\"elementor-widget-container\">\n\t\t\t\t\t<h5 class=\"elementor-heading-title elementor-size-default\">Tu ayuda ha:<\/h5>\t\t\t\t<\/div>\n\t\t\t\t<\/div>\n\t\t<div class=\"elementor-element elementor-element-3cf6bc0 e-flex e-con-boxed e-con e-child\" data-id=\"3cf6bc0\" data-element_type=\"container\" data-e-type=\"container\">\n\t\t\t\t\t<div class=\"e-con-inner\">\n\t\t\t\t<div class=\"elementor-element elementor-element-c204482 elementor-view-default elementor-position-block-start elementor-mobile-position-block-start elementor-widget elementor-widget-icon-box\" data-id=\"c204482\" data-element_type=\"widget\" data-e-type=\"widget\" data-widget_type=\"icon-box.default\">\n\t\t\t\t<div class=\"elementor-widget-container\">\n\t\t\t\t\t\t\t<div class=\"elementor-icon-box-wrapper\">\n\n\t\t\t\t\t\t<div class=\"elementor-icon-box-icon\">\n\t\t\t\t<span  class=\"elementor-icon\">\n\t\t\t\t<svg aria-hidden=\"true\" class=\"e-font-icon-svg e-fas-plane-departure\" viewbox=\"0 0 640 512\" xmlns=\"http:\/\/www.w3.org\/2000\/svg\"><path d=\"M624 448H16c-8.84 0-16 7.16-16 16v32c0 8.84 7.16 16 16 16h608c8.84 0 16-7.16 16-16v-32c0-8.84-7.16-16-16-16zM80.55 341.27c6.28 6.84 15.1 10.72 24.33 10.71l130.54-.18a65.62 65.62 0 0 0 29.64-7.12l290.96-147.65c26.74-13.57 50.71-32.94 67.02-58.31 18.31-28.48 20.3-49.09 13.07-63.65-7.21-14.57-24.74-25.27-58.25-27.45-29.85-1.94-59.54 5.92-86.28 19.48l-98.51 49.99-218.7-82.06a17.799 17.799 0 0 0-18-1.11L90.62 67.29c-10.67 5.41-13.25 19.65-5.17 28.53l156.22 98.1-103.21 52.38-72.35-36.47a17.804 17.804 0 0 0-16.07.02L9.91 230.22c-10.44 5.3-13.19 19.12-5.57 28.08l76.21 82.97z\"><\/path><\/svg>\t\t\t\t<\/span>\n\t\t\t<\/div>\n\t\t\t\n\t\t\t\t\t\t<div class=\"elementor-icon-box-content\">\n\n\t\t\t\t\n\t\t\t\t\t\t\t\t\t<p class=\"elementor-icon-box-description\">\n\t\t\t\t\t\tCubierto los gastos del evento, transporte y alojamiento para una (o varias) personas de comunidades afectadas por cat\u00e1strofes\t\t\t\t\t<\/p>\n\t\t\t\t\n\t\t\t<\/div>\n\t\t\t\n\t\t<\/div>\n\t\t\t\t\t\t<\/div>\n\t\t\t\t<\/div>\n\t\t\t\t<div class=\"elementor-element elementor-element-91b536d elementor-view-default elementor-position-block-start elementor-mobile-position-block-start elementor-widget elementor-widget-icon-box\" data-id=\"91b536d\" data-element_type=\"widget\" data-e-type=\"widget\" data-widget_type=\"icon-box.default\">\n\t\t\t\t<div class=\"elementor-widget-container\">\n\t\t\t\t\t\t\t<div class=\"elementor-icon-box-wrapper\">\n\n\t\t\t\t\t\t<div class=\"elementor-icon-box-icon\">\n\t\t\t\t<span  class=\"elementor-icon\">\n\t\t\t\t<svg aria-hidden=\"true\" class=\"e-font-icon-svg e-fas-comments\" viewbox=\"0 0 576 512\" xmlns=\"http:\/\/www.w3.org\/2000\/svg\"><path d=\"M416 192c0-88.4-93.1-160-208-160S0 103.6 0 192c0 34.3 14.1 65.9 38 92-13.4 30.2-35.5 54.2-35.8 54.5-2.2 2.3-2.8 5.7-1.5 8.7S4.8 352 8 352c36.6 0 66.9-12.3 88.7-25 32.2 15.7 70.3 25 111.3 25 114.9 0 208-71.6 208-160zm122 220c23.9-26 38-57.7 38-92 0-66.9-53.5-124.2-129.3-148.1.9 6.6 1.3 13.3 1.3 20.1 0 105.9-107.7 192-240 192-10.8 0-21.3-.8-31.7-1.9C207.8 439.6 281.8 480 368 480c41 0 79.1-9.2 111.3-25 21.8 12.7 52.1 25 88.7 25 3.2 0 6.1-1.9 7.3-4.8 1.3-2.9.7-6.3-1.5-8.7-.3-.3-22.4-24.2-35.8-54.5z\"><\/path><\/svg>\t\t\t\t<\/span>\n\t\t\t<\/div>\n\t\t\t\n\t\t\t\t\t\t<div class=\"elementor-icon-box-content\">\n\n\t\t\t\t\n\t\t\t\t\t\t\t\t\t<p class=\"elementor-icon-box-description\">\n\t\t\t\t\t\tApoyado servicios de traducci\u00f3n, interpretaci\u00f3n y otras medidas de accesibilidad y participaci\u00f3n\t\t\t\t\t<\/p>\n\t\t\t\t\n\t\t\t<\/div>\n\t\t\t\n\t\t<\/div>\n\t\t\t\t\t\t<\/div>\n\t\t\t\t<\/div>\n\t\t\t\t<div class=\"elementor-element elementor-element-58d2141 elementor-view-default elementor-position-block-start elementor-mobile-position-block-start elementor-widget elementor-widget-icon-box\" data-id=\"58d2141\" data-element_type=\"widget\" data-e-type=\"widget\" data-widget_type=\"icon-box.default\">\n\t\t\t\t<div class=\"elementor-widget-container\">\n\t\t\t\t\t\t\t<div class=\"elementor-icon-box-wrapper\">\n\n\t\t\t\t\t\t<div class=\"elementor-icon-box-icon\">\n\t\t\t\t<span  class=\"elementor-icon\">\n\t\t\t\t<svg aria-hidden=\"true\" class=\"e-font-icon-svg e-fas-heart\" viewbox=\"0 0 512 512\" xmlns=\"http:\/\/www.w3.org\/2000\/svg\"><path d=\"M462.3 62.6C407.5 15.9 326 24.3 275.7 76.2L256 96.5l-19.7-20.3C186.1 24.3 104.5 15.9 49.7 62.6c-62.8 53.6-66.1 149.8-9.9 207.9l193.5 199.8c12.5 12.9 32.8 12.9 45.3 0l193.5-199.8c56.3-58.1 53-154.3-9.8-207.9z\"><\/path><\/svg>\t\t\t\t<\/span>\n\t\t\t<\/div>\n\t\t\t\n\t\t\t\t\t\t<div class=\"elementor-icon-box-content\">\n\n\t\t\t\t\n\t\t\t\t\t\t\t\t\t<p class=\"elementor-icon-box-description\">\n\t\t\t\t\t\t\u00a1Creado esta oportunidad para la creaci\u00f3n de nuevas conexiones, el intercambio de conocimientos y el fortalecimiento de la resiliencia en todo Oreg\u00f3n!\t\t\t\t\t<\/p>\n\t\t\t\t\n\t\t\t<\/div>\n\t\t\t\n\t\t<\/div>\n\t\t\t\t\t\t<\/div>\n\t\t\t\t<\/div>\n\t\t\t\t\t<\/div>\n\t\t\t\t<\/div>\n\t\t\t\t\t<\/div>\n\t\t\t\t<\/div>\n\t\t\t\t\t<\/div>\n\t\t\t\t<\/div>\n\t\t\t\t\t<\/div>\n\t\t\t\t<\/div>\n\t\t<div class=\"elementor-element elementor-element-4661719 e-flex e-con-boxed e-con e-parent\" data-id=\"4661719\" data-element_type=\"container\" data-e-type=\"container\">\n\t\t\t\t\t<div class=\"e-con-inner\">\n\t\t<div class=\"elementor-element elementor-element-00f681e e-flex e-con-boxed e-con e-child\" data-id=\"00f681e\" data-element_type=\"container\" data-e-type=\"container\">\n\t\t\t\t\t<div class=\"e-con-inner\">\n\t\t\t\t<div class=\"elementor-element elementor-element-97a30e1 elementor-widget elementor-widget-ucaddon_logo_grid\" data-id=\"97a30e1\" data-element_type=\"widget\" data-e-type=\"widget\" data-widget_type=\"ucaddon_logo_grid.default\">\n\t\t\t\t<div class=\"elementor-widget-container\">\n\t\t\t\t\t\n<!-- start Logo Grid -->\n<style>\/* widget: Logo Grid *\/\n\n#uc_logo_grid_elementor_97a30e1 {\n  display: grid;\n}\n#uc_logo_grid_elementor_97a30e1 .ue-logo-title\n{\n  width:100%;\n  position:absolute;\n  bottom:0;\n  text-align:center;\n  left:0;\n}\n\n#uc_logo_grid_elementor_97a30e1 div.logo-grid-item\n{\ntext-align:center;\ndisplay:flex;\nflex-direction:column;\njustify-content:center;\nalign-items:center;\noverflow:hidden;\n  position:relative;\n  transition:0.3s;\n\n}\n\n#uc_logo_grid_elementor_97a30e1 div.logo-grid-item img\n{\nwidth:100%;\n  object-fit: contain;\n  display:block;\n  mix-blend-mode: normal;\n  position:absolute;\n  top:0;\n  left:0;\n  right:0;\n  bottom:0;\n  height:100%;\n  transition:0.3s;\n}\n\n\n\n#uc_logo_grid_elementor_97a30e1 a\n{\n  display:block;\n  position:absolute;\n  top:0;\n  left:0;\n  right:0;\n  bottom:0;\n  cursor:pointer;\n  display:flex;\njustify-content:center;\nalign-items:center;\n}\n\n<\/style>\n\n<div id=\"uc_logo_grid_elementor_97a30e1\" class=\"ue-logo-grid uc-items-wrapper\" >\n\t\t   <div class=\"logo-grid-item\" >\n   \n\t<a href=\"https:\/\/raicesdebienestar.org\/\" > \n\t\n  \n    <img decoding=\"async\" src=\"https:\/\/oregonresilience.org\/wp-content\/uploads\/2024\/05\/Raices_Color.svg\" title=\"Raices de bienestar\"  alt=\"Raices_Color\" width=\"134\" height=\"89\">\n      \t\n      \n  <\/a>\n  \t\n<\/div>\n<div class=\"logo-grid-item\" >\n   \n\t<a href=\"https:\/\/www.uniteoregon.org\/\" > \n\t\n  \n    <img decoding=\"async\" src=\"https:\/\/oregonresilience.org\/wp-content\/uploads\/2024\/05\/Unite_Color.svg\" title=\"Unite Oregon\"  alt=\"Unite_Color\" width=\"134\" height=\"89\">\n      \t\n      \n  <\/a>\n  \t\n<\/div>\n<div class=\"logo-grid-item\" >\n   \n\t<a href=\"https:\/\/www.mckenzievalleyltrg.org\/\" > \n\t\n  \n    <img decoding=\"async\" src=\"https:\/\/oregonresilience.org\/wp-content\/uploads\/2024\/05\/MVLTR_Color.svg\" title=\"McKenzie Valley Long Term Recovery\"  alt=\"MVLTR_Color\" width=\"134\" height=\"89\">\n      \t\n      \n  <\/a>\n  \t\n<\/div>\n<div class=\"logo-grid-item\" >\n   \n\t<a href=\"https:\/\/www.kelleynonprofitconsulting.com\/\" > \n\t\n  \n    <img loading=\"lazy\" decoding=\"async\" src=\"https:\/\/oregonresilience.org\/wp-content\/uploads\/2024\/05\/KNPC_Color.svg\" title=\"Kelley Nonprofit Consulting\"  alt=\"KNPC_Color\" width=\"134\" height=\"89\">\n      \t\n      \n  <\/a>\n  \t\n<\/div>\n<div class=\"logo-grid-item\" >\n   \n\t<a href=\"https:\/\/lomakatsi.org\/\" > \n\t\n  \n    <img loading=\"lazy\" decoding=\"async\" src=\"https:\/\/oregonresilience.org\/wp-content\/uploads\/2024\/05\/Lomakatsi_Color.svg\" title=\"Lomakatsi\"  alt=\"Lomakatsi_Color\" width=\"134\" height=\"89\">\n      \t\n      \n  <\/a>\n  \t\n<\/div>\n<div class=\"logo-grid-item\" >\n   \n\t<a href=\"https:\/\/drln.org\/\" > \n\t\n  \n    <img loading=\"lazy\" decoding=\"async\" src=\"https:\/\/oregonresilience.org\/wp-content\/uploads\/2024\/05\/DRLN_Color.svg\" title=\"DRLN\"  alt=\"DRLN_Color\" width=\"134\" height=\"89\">\n      \t\n      \n  <\/a>\n  \t\n<\/div>\n<div class=\"logo-grid-item\" >\n   \n\t<a href=\"https:\/\/bcfgives.org\/\" > \n\t\n  \n    <img loading=\"lazy\" decoding=\"async\" src=\"https:\/\/oregonresilience.org\/wp-content\/uploads\/2024\/05\/BCF_Color.svg\" title=\"Benton Community Foundation\"  alt=\"BCF_Color\" width=\"134\" height=\"89\">\n      \t\n      \n  <\/a>\n  \t\n<\/div>\n<div class=\"logo-grid-item\" >\n   \n\t<a href=\"https:\/\/www.greenoregon.org\/\" > \n\t\n  \n    <img loading=\"lazy\" decoding=\"async\" src=\"https:\/\/oregonresilience.org\/wp-content\/uploads\/2024\/05\/GreenOregon_Color.svg\" title=\"Green Oregon\"  alt=\"GreenOregon_Color\" width=\"134\" height=\"89\">\n      \t\n      \n  <\/a>\n  \t\n<\/div>\n<div class=\"logo-grid-item\" >\n   \n\t<a href=\"https:\/\/www.unitedway-pdx.org\/\" > \n\t\n  \n    <img loading=\"lazy\" decoding=\"async\" src=\"https:\/\/oregonresilience.org\/wp-content\/uploads\/2024\/05\/UWCW_Color.svg\" title=\"United Way of the Columbia-Willamette\"  alt=\"UWCW_Color\" width=\"134\" height=\"89\">\n      \t\n      \n  <\/a>\n  \t\n<\/div>\n<div class=\"logo-grid-item\" >\n   \n\t<a href=\"https:\/\/www.oregon.gov\/ohcs\/pages\/index.aspx\" > \n\t\n  \n    <img loading=\"lazy\" decoding=\"async\" src=\"https:\/\/oregonresilience.org\/wp-content\/uploads\/2024\/05\/OHCS_Color.svg\" title=\"Oregon Housing and Community Services\"  alt=\"OHCS_Color\" width=\"134\" height=\"89\">\n      \t\n      \n  <\/a>\n  \t\n<\/div>\n<div class=\"logo-grid-item\" >\n   \n\t<a href=\"https:\/\/roundhousefoundation.org\/\" > \n\t\n  \n    <img loading=\"lazy\" decoding=\"async\" src=\"https:\/\/oregonresilience.org\/wp-content\/uploads\/2024\/05\/TheRoundhouse_Color.svg\" title=\"The Roundhouse Foundation\"  alt=\"TheRoundhouse_Color\" width=\"134\" height=\"89\">\n      \t\n      \n  <\/a>\n  \t\n<\/div>\n<div class=\"logo-grid-item\" >\n   \n\t<a href=\"https:\/\/www.uwpnw.org\/\" > \n\t\n  \n    <img loading=\"lazy\" decoding=\"async\" src=\"https:\/\/oregonresilience.org\/wp-content\/uploads\/2024\/05\/UWPN_Color.svg\" title=\"United Way of the Pacific Northwest\"  alt=\"UWPN_Color\" width=\"134\" height=\"89\">\n      \t\n      \n  <\/a>\n  \t\n<\/div>\n\n    <\/div>\n<!-- end Logo Grid -->\t\t\t\t<\/div>\n\t\t\t\t<\/div>\n\t\t\t\t<div class=\"elementor-element elementor-element-7acab5d elementor-invisible elementor-widget elementor-widget-heading\" data-id=\"7acab5d\" data-element_type=\"widget\" data-e-type=\"widget\" data-settings=\"{&quot;_animation&quot;:&quot;fadeIn&quot;,&quot;_animation_delay&quot;:200}\" data-widget_type=\"heading.default\">\n\t\t\t\t<div class=\"elementor-widget-container\">\n\t\t\t\t\t<h2 class=\"elementor-heading-title elementor-size-default\">Community Rebuilding Fund Stewarded By<\/h2>\t\t\t\t<\/div>\n\t\t\t\t<\/div>\n\t\t\t\t<div class=\"elementor-element elementor-element-1e0343e elementor-widget elementor-widget-ucaddon_logo_grid\" data-id=\"1e0343e\" data-element_type=\"widget\" data-e-type=\"widget\" data-widget_type=\"ucaddon_logo_grid.default\">\n\t\t\t\t<div class=\"elementor-widget-container\">\n\t\t\t\t\t\n<!-- start Logo Grid -->\n<style>\/* widget: Logo Grid *\/\n\n#uc_logo_grid_elementor_1e0343e {\n  display: grid;\n}\n#uc_logo_grid_elementor_1e0343e .ue-logo-title\n{\n  width:100%;\n  position:absolute;\n  bottom:0;\n  text-align:center;\n  left:0;\n}\n\n#uc_logo_grid_elementor_1e0343e div.logo-grid-item\n{\ntext-align:center;\ndisplay:flex;\nflex-direction:column;\njustify-content:center;\nalign-items:center;\noverflow:hidden;\n  position:relative;\n  transition:0.3s;\n\n}\n\n#uc_logo_grid_elementor_1e0343e div.logo-grid-item img\n{\nwidth:100%;\n  object-fit: contain;\n  display:block;\n  mix-blend-mode: normal;\n  position:absolute;\n  top:0;\n  left:0;\n  right:0;\n  bottom:0;\n  height:100%;\n  transition:0.3s;\n}\n\n\n\n#uc_logo_grid_elementor_1e0343e a\n{\n  display:block;\n  position:absolute;\n  top:0;\n  left:0;\n  right:0;\n  bottom:0;\n  cursor:pointer;\n  display:flex;\njustify-content:center;\nalign-items:center;\n}\n\n<\/style>\n\n<div id=\"uc_logo_grid_elementor_1e0343e\" class=\"ue-logo-grid uc-items-wrapper\" >\n\t\t   <div class=\"logo-grid-item\" >\n   \n\t<a href=\"https:\/\/oregoncf.org\/\" > \n\t\n  \n    <img loading=\"lazy\" decoding=\"async\" src=\"https:\/\/oregonresilience.org\/wp-content\/uploads\/2024\/05\/OCF_Color.svg\" title=\"Oregon Community Foundation\"  alt=\"OCF_Color\" width=\"134\" height=\"89\">\n      \t\n      \n  <\/a>\n  \t\n<\/div>\n<div class=\"logo-grid-item\" >\n   \n\t<a href=\"https:\/\/www.tfff.org\/\" > \n\t\n  \n    <img loading=\"lazy\" decoding=\"async\" src=\"https:\/\/oregonresilience.org\/wp-content\/uploads\/2024\/05\/TFFF_Color.svg\" title=\"The Ford Family Foundation\"  alt=\"TFFF_Color\" width=\"134\" height=\"89\">\n      \t\n      \n  <\/a>\n  \t\n<\/div>\n<div class=\"logo-grid-item\" >\n   \n\t<a href=\"https:\/\/mmt.org\/\" > \n\t\n  \n    <img loading=\"lazy\" decoding=\"async\" src=\"https:\/\/oregonresilience.org\/wp-content\/uploads\/2024\/05\/Meyer_Color.svg\" title=\"Meyer Memorial Trust\"  alt=\"Meyer_Color\" width=\"134\" height=\"89\">\n      \t\n      \n  <\/a>\n  \t\n<\/div>\n\n    <\/div>\n<!-- end Logo Grid -->\t\t\t\t<\/div>\n\t\t\t\t<\/div>\n\t\t\t\t\t<\/div>\n\t\t\t\t<\/div>\n\t\t\t\t\t<\/div>\n\t\t\t\t<\/div>\n\t\t<div class=\"elementor-element elementor-element-2a7afcb e-flex e-con-boxed e-con e-parent\" data-id=\"2a7afcb\" data-element_type=\"container\" data-e-type=\"container\">\n\t\t\t\t\t<div class=\"e-con-inner\">\n\t\t\t\t<div class=\"elementor-element elementor-element-4972544 elementor-widget elementor-widget-spacer\" data-id=\"4972544\" data-element_type=\"widget\" data-e-type=\"widget\" data-widget_type=\"spacer.default\">\n\t\t\t\t<div class=\"elementor-widget-container\">\n\t\t\t\t\t\t\t<div class=\"elementor-spacer\">\n\t\t\t<div class=\"elementor-spacer-inner\"><\/div>\n\t\t<\/div>\n\t\t\t\t\t\t<\/div>\n\t\t\t\t<\/div>\n\t\t<div class=\"elementor-element elementor-element-f4df784 e-flex e-con-boxed e-con e-child\" data-id=\"f4df784\" data-element_type=\"container\" data-e-type=\"container\">\n\t\t\t\t\t<div class=\"e-con-inner\">\n\t\t\t\t<div class=\"elementor-element elementor-element-b6aa6e9 elementor-cta--layout-image-above elementor-cta--skin-classic elementor-animated-content elementor-widget elementor-widget-call-to-action\" data-id=\"b6aa6e9\" data-element_type=\"widget\" data-e-type=\"widget\" data-widget_type=\"call-to-action.default\">\n\t\t\t\t<div class=\"elementor-widget-container\">\n\t\t\t\t\t\t\t<div class=\"elementor-cta\">\n\t\t\t\t\t<div class=\"elementor-cta__bg-wrapper\">\n\t\t\t\t<div class=\"elementor-cta__bg elementor-bg\" style=\"background-image: url(https:\/\/oregonresilience.org\/wp-content\/uploads\/2024\/03\/Artboard-2-1024x342.jpg);\" role=\"img\" aria-label=\"Artboard 2\"><\/div>\n\t\t\t\t<div class=\"elementor-cta__bg-overlay\"><\/div>\n\t\t\t<\/div>\n\t\t\t\t\t\t\t<div class=\"elementor-cta__content\">\n\t\t\t\t\n\t\t\t\t\t\t\t\t\t<h2 class=\"elementor-cta__title elementor-cta__content-item elementor-content-item\">\n\t\t\t\t\t\tApoyar la resiliencia en las comunidades de Oreg\u00f3n\t\t\t\t\t<\/h2>\n\t\t\t\t\n\t\t\t\t\n\t\t\t\t\t\t\t\t\t<div class=\"elementor-cta__button-wrapper elementor-cta__content-item elementor-content-item\">\n\t\t\t\t\t<a class=\"elementor-cta__button elementor-button elementor-size-\" href=\"https:\/\/orsorg.wpenginepowered.com\/wp-content\/uploads\/2024\/05\/ORS_Sponsor_2-Page_V3.pdf\" target=\"_blank\">\n\t\t\t\t\t\tdescargar pdf de patrocinio\t\t\t\t\t<\/a>\n\t\t\t\t\t<\/div>\n\t\t\t\t\t\t\t<\/div>\n\t\t\t\t\t\t\t<div class=\"elementor-ribbon\">\n\t\t\t\t<div class=\"elementor-ribbon-inner\">\n\t\t\t\t\tPDF\t\t\t\t<\/div>\n\t\t\t<\/div>\n\t\t\t\t<\/div>\n\t\t\t\t\t\t<\/div>\n\t\t\t\t<\/div>\n\t\t\t\t<div class=\"elementor-element elementor-element-ec864f6 elementor-cta--layout-image-above elementor-cta--skin-classic elementor-animated-content elementor-widget elementor-widget-call-to-action\" data-id=\"ec864f6\" data-element_type=\"widget\" data-e-type=\"widget\" data-widget_type=\"call-to-action.default\">\n\t\t\t\t<div class=\"elementor-widget-container\">\n\t\t\t\t\t\t\t<div class=\"elementor-cta\">\n\t\t\t\t\t<div class=\"elementor-cta__bg-wrapper\">\n\t\t\t\t<div class=\"elementor-cta__bg elementor-bg\" style=\"background-image: url(https:\/\/oregonresilience.org\/wp-content\/uploads\/2024\/04\/Artboard-2_1-1024x342.jpg);\" role=\"img\" aria-label=\"Artboard 2_1\"><\/div>\n\t\t\t\t<div class=\"elementor-cta__bg-overlay\"><\/div>\n\t\t\t<\/div>\n\t\t\t\t\t\t\t<div class=\"elementor-cta__content\">\n\t\t\t\t\n\t\t\t\t\t\t\t\t\t<h2 class=\"elementor-cta__title elementor-cta__content-item elementor-content-item\">\n\t\t\t\t\t\tApoyar la resiliencia en las comunidades de Oreg\u00f3n\t\t\t\t\t<\/h2>\n\t\t\t\t\n\t\t\t\t\n\t\t\t\t\t\t\t\t\t<div class=\"elementor-cta__button-wrapper elementor-cta__content-item elementor-content-item\">\n\t\t\t\t\t<a class=\"elementor-cta__button elementor-button elementor-size-\" href=\"https:\/\/orsorg.wpenginepowered.com\/wp-content\/uploads\/2024\/05\/ORS_Sponsor_2-Page-Spanish_V2.pdf\" target=\"_blank\">\n\t\t\t\t\t\tdescargar PDF del patrocinador\t\t\t\t\t<\/a>\n\t\t\t\t\t<\/div>\n\t\t\t\t\t\t\t<\/div>\n\t\t\t\t\t\t\t<div class=\"elementor-ribbon\">\n\t\t\t\t<div class=\"elementor-ribbon-inner\">\n\t\t\t\t\tPDF\t\t\t\t<\/div>\n\t\t\t<\/div>\n\t\t\t\t<\/div>\n\t\t\t\t\t\t<\/div>\n\t\t\t\t<\/div>\n\t\t\t\t\t<\/div>\n\t\t\t\t<\/div>\n\t\t\t\t\t<\/div>\n\t\t\t\t<\/div>\n\t\t\t\t<\/div>","protected":false},"excerpt":{"rendered":"<p>Why We Love Our Supporters We Couldn&#8217;t Do This Without Your Generosity Your Support Has Covered event, travel and lodging costs for one (or many!) from disaster recovery communities Supported translation, interpretation and other accessibility and engagement measures Created this opportunity for networking, skill sharing, and strengthening resilience across Oregon! Community Rebuilding Fund Stewarded By [&hellip;]<\/p>\n","protected":false},"author":2,"featured_media":0,"parent":0,"menu_order":0,"comment_status":"closed","ping_status":"closed","template":"","meta":{"iawp_total_views":250,"footnotes":""},"class_list":["post-155","page","type-page","status-publish","hentry"],"featured_image_src":null,"featured_image_src_square":null,"_links":{"self":[{"href":"https:\/\/oregonresilience.org\/es\/wp-json\/wp\/v2\/pages\/155","targetHints":{"allow":["GET"]}}],"collection":[{"href":"https:\/\/oregonresilience.org\/es\/wp-json\/wp\/v2\/pages"}],"about":[{"href":"https:\/\/oregonresilience.org\/es\/wp-json\/wp\/v2\/types\/page"}],"author":[{"embeddable":true,"href":"https:\/\/oregonresilience.org\/es\/wp-json\/wp\/v2\/users\/2"}],"replies":[{"embeddable":true,"href":"https:\/\/oregonresilience.org\/es\/wp-json\/wp\/v2\/comments?post=155"}],"version-history":[{"count":0,"href":"https:\/\/oregonresilience.org\/es\/wp-json\/wp\/v2\/pages\/155\/revisions"}],"wp:attachment":[{"href":"https:\/\/oregonresilience.org\/es\/wp-json\/wp\/v2\/media?parent=155"}],"curies":[{"name":"wp","href":"https:\/\/api.w.org\/{rel}","templated":true}]}}